{"id":1375,"date":"2023-04-29T13:40:15","date_gmt":"2023-04-29T11:40:15","guid":{"rendered":"https:\/\/www.swinging-volkert.at\/home\/?page_id=1375"},"modified":"2024-11-02T17:59:10","modified_gmt":"2024-11-02T16:59:10","slug":"wie-ein-markt-anfing-zu-swingen","status":"publish","type":"page","link":"https:\/\/www.swinging-volkert.at\/home\/wie-ein-markt-anfing-zu-swingen\/","title":{"rendered":"Seit wann swingt denn ein Markt??"},"content":{"rendered":"<p><a href=\"https:\/\/www.swinging-volkert.at\/\" aria-disabled=\"true\"><img loading=\"lazy\" decoding=\"async\" src=\"https:\/\/www.swinging-volkert.at\/home\/wp-content\/uploads\/2024\/08\/Startknopf_sw.png\" alt=\"zur Startseite\" class=\"alignleft\" width=\"100\" height=\"100\" \/><\/a><\/p>\n<h1 align=\"center\"><span style=\"font-size: 36pt;\"><strong>Wie ein\u00a0Markt zu swingen\u00a0anfing<\/strong><\/span><\/h1>\n\n<div class=\"wp-block-image\">\n<figure class=\"alignright size-full is-resized\"><img loading=\"lazy\" decoding=\"async\" width=\"823\" height=\"500\" src=\"https:\/\/www.swinging-volkert.at\/home\/wp-content\/uploads\/2023\/04\/Buehne-2015-06-27.jpg\" alt=\"\" class=\"wp-image-2199\" style=\"width:311px;height:188px\" srcset=\"https:\/\/www.swinging-volkert.at\/home\/wp-content\/uploads\/2023\/04\/Buehne-2015-06-27.jpg 823w, https:\/\/www.swinging-volkert.at\/home\/wp-content\/uploads\/2023\/04\/Buehne-2015-06-27-300x182.jpg 300w, https:\/\/www.swinging-volkert.at\/home\/wp-content\/uploads\/2023\/04\/Buehne-2015-06-27-768x467.jpg 768w\" sizes=\"auto, (max-width: 823px) 100vw, 823px\" \/><\/figure>\n<\/div>\n\n\n<p>Es fing an, wie es meistens anf\u00e4ngt \u2026 <br>&#8230; mit einer verr\u00fcckten Idee. Dazu fanden sich dann die passenden Ver&#8230;, also: Gleichgesinnten, und am 25. April 2015 auch noch ein gr\u00fcner Teppich, der als B\u00fchne diente. Alle Konzentration lag auf Darbietungen und Technik.<br><\/p>\n\n\n\n<p class=\"has-text-align-center\"><em>Fotos vom 27. Juni 2015 <sub>\u00a9Swinging Volkert<\/sub><\/em><\/p>\n\n\n<div class=\"wp-block-image\">\n<figure class=\"alignleft size-full is-resized\"><img loading=\"lazy\" decoding=\"async\" width=\"641\" height=\"427\" src=\"https:\/\/www.swinging-volkert.at\/home\/wp-content\/uploads\/2023\/04\/Charly-2015-06-27.jpg\" alt=\"\" class=\"wp-image-2200\" style=\"width:294px;height:196px\" srcset=\"https:\/\/www.swinging-volkert.at\/home\/wp-content\/uploads\/2023\/04\/Charly-2015-06-27.jpg 641w, https:\/\/www.swinging-volkert.at\/home\/wp-content\/uploads\/2023\/04\/Charly-2015-06-27-300x200.jpg 300w, https:\/\/www.swinging-volkert.at\/home\/wp-content\/uploads\/2023\/04\/Charly-2015-06-27-360x240.jpg 360w\" sizes=\"auto, (max-width: 641px) 100vw, 641px\" \/><\/figure>\n<\/div>\n\n<div class=\"wp-block-image\">\n<figure class=\"alignright size-full is-resized\"><img loading=\"lazy\" decoding=\"async\" width=\"400\" height=\"661\" src=\"https:\/\/www.swinging-volkert.at\/home\/wp-content\/uploads\/2023\/04\/Doris-2015-06-27.jpg\" alt=\"\" class=\"wp-image-2201\" style=\"width:118px;height:196px\" srcset=\"https:\/\/www.swinging-volkert.at\/home\/wp-content\/uploads\/2023\/04\/Doris-2015-06-27.jpg 400w, https:\/\/www.swinging-volkert.at\/home\/wp-content\/uploads\/2023\/04\/Doris-2015-06-27-182x300.jpg 182w\" sizes=\"auto, (max-width: 400px) 100vw, 400px\" \/><\/figure>\n<\/div>\n\n<p>Schlie\u00dflich wollte man die Menschen begeistern, sie einladen, mit- statt nebeneinander zu leben \u2013 und sie nicht wom\u00f6glich verjagen.<br \/>Das Buffet war zur freien Entnahme auf einer Heurigenbank ausgebreitet. Es sollte allen gut schmecken &#8230; zum Austeilen aber war niemand frei.<\/p>\n<p>Es gab Veranstaltungstage, an denen f\u00fcr den letzten Auftritt jemand erst im allerletzten Moment durch puren Zufall gefunden wurde. \ud83d\ude44\u00a0<\/p>\n<p>Inzwischen wissen wir fast nicht mehr, wie wir alle K\u00fcnstler*innen unter einen Hut bekommen. Das schrie und schreit nach mehr, und so sind wir emsig mit Freude bem\u00fcht, die Technik und alles \u00fcbrige zu verbessern und zu erweitern. L\u00f6sungen suchen jetzt ihre Probleme. \ud83d\udca1 Viele Entscheidungen sind zu treffen. So stehen wir vor stets neuen Herausforderungen, die wir gemeinsam bew\u00e4ltigen.<\/p>\n<h4><span class=\"x193iq5w xeuugli x13faqbe x1vvkbs x1xmvt09 x1lliihq x1s928wv xhkezso x1gmr53x x1cpjm7i x1fgarty x1943h6x xudqn12 x3x7a5m x6prxxf xvq8zen xo1l8bm xzsf02u\" dir=\"auto\">Swinging-Volkert \u2013 ein Verein erwachte<\/span><\/h4>\n<p>Aus dem gr\u00fcnen Teppich wurde eine B\u00fchne (unser ganzer Stolz), wir haben eine Lichtanlage (um uns auch in d\u00fcsteren Zeiten zu erhellen), Tontechnik (die sich h\u00f6ren lassen kann), ein Buffet (bestehend aus zumindest 2 Gerichten, von denen eines immer vegetarisch oder vegan ist).<\/p>\n<p>Der Verein wurde eine kleine Familie aus gut 10 aktiven Menschen. Mit allem, was dazugeh\u00f6rt. Mit den unterschiedlichsten Charakteren und Vorstellungen. Da kann es auch schon, \u00e4h, leidenschaftlicher zugehen, aber das m\u00fcndet nur in st\u00e4rkeren Zusammenhalt, festere gemeinsame \u00dcberzeugung und Begeisterung: in all das, was unsere G\u00e4st*innen und Kunstschaffenden bewegt, immer wieder zu kommen, als Teil unserser Familie am Volkertmarkt.<\/p>\n<p>Das muss man erst erlebt haben, um es wirklich zu ssch\u00e4tzen. Dieses Gef\u00fchl und die strahlenden Gesichter lassen uns niemals aufh\u00f6ren, an das Sch\u00f6ne zu glauben. Das ist unsere nachhaltige Energiequelle.<\/p>\n<p>Denkst du manchmal, Menschen seien schlecht? <br \/>Dann komm vorbei und \u00fcberzeug dich vom Gegenteil. \ud83d\ude09<\/p>\n<p>Wenn du das Gef\u00fchl hast, es k\u00f6nnte dir bei uns Spa\u00df machen, oder aber einmal bei einem unserer Treffen dabei sein magst, so meld dich einfach bei uns, oder komm am besten zur n\u00e4chsten Veranstaltung.<\/p>\n<p><strong>Aber Vorsicht: es k\u00f6nnte dir tats\u00e4chlich gefallen. \ud83d\ude2f \ud83d\ude0e\u00a0<br \/><\/strong><\/p>\n<p>Volkertplatz 9\/2-3, 1020 Wien<br \/>Tel: <a href=\"tel:+4368120299399\">+43 (0) 681 20 299 399<\/a><br \/>Mail: <a href=\"mailto:Info@Swinging-Volkert.at\" target=\"_blank\" rel=\"noreferrer noopener\">Info@Swinging-Volkert.at<\/a><br \/>\u25cf <a rel=\"noreferrer noopener\" href=\"https:\/\/www.facebook.com\/SwingingVolkert\/\" target=\"_blank\">Facebook-Seite<\/a> \u25cf<br \/>\u25cf <a href=\"https:\/\/www.swinging-volkert.at\/home\/kontakt\/\">Kontaktformular<\/a> \u25cf<\/p>","protected":false},"excerpt":{"rendered":"<p>Wie ein\u00a0Markt zu swingen\u00a0anfing Es fing an, wie es meistens anf\u00e4ngt \u2026 &#8230; mit einer verr\u00fcckten Idee. Dazu fanden sich dann die passenden Ver&#8230;, also: Gleichgesinnten, und am 25. April 2015 auch noch ein gr\u00fcner Teppich, der als B\u00fchne diente. Alle Konzentration lag auf Darbietungen und Technik. Fotos vom 27. [&hellip;]<\/p>\n","protected":false},"author":4,"featured_media":0,"parent":0,"menu_order":0,"comment_status":"closed","ping_status":"closed","template":"","meta":{"_themeisle_gutenberg_block_has_review":false,"footnotes":""},"class_list":["post-1375","page","type-page","status-publish","hentry"],"_links":{"self":[{"href":"https:\/\/www.swinging-volkert.at\/home\/wp-json\/wp\/v2\/pages\/1375","targetHints":{"allow":["GET"]}}],"collection":[{"href":"https:\/\/www.swinging-volkert.at\/home\/wp-json\/wp\/v2\/pages"}],"about":[{"href":"https:\/\/www.swinging-volkert.at\/home\/wp-json\/wp\/v2\/types\/page"}],"author":[{"embeddable":true,"href":"https:\/\/www.swinging-volkert.at\/home\/wp-json\/wp\/v2\/users\/4"}],"replies":[{"embeddable":true,"href":"https:\/\/www.swinging-volkert.at\/home\/wp-json\/wp\/v2\/comments?post=1375"}],"version-history":[{"count":31,"href":"https:\/\/www.swinging-volkert.at\/home\/wp-json\/wp\/v2\/pages\/1375\/revisions"}],"predecessor-version":[{"id":3012,"href":"https:\/\/www.swinging-volkert.at\/home\/wp-json\/wp\/v2\/pages\/1375\/revisions\/3012"}],"wp:attachment":[{"href":"https:\/\/www.swinging-volkert.at\/home\/wp-json\/wp\/v2\/media?parent=1375"}],"curies":[{"name":"wp","href":"https:\/\/api.w.org\/{rel}","templated":true}]}}