{"id":3719,"date":"2026-04-06T06:40:21","date_gmt":"2026-04-06T04:40:21","guid":{"rendered":"https:\/\/www.swinging-volkert.at\/home\/?page_id=3719"},"modified":"2026-04-06T11:20:06","modified_gmt":"2026-04-06T09:20:06","slug":"26-04-11__doobie-doobie-do","status":"publish","type":"page","link":"https:\/\/www.swinging-volkert.at\/home\/26-04-11__doobie-doobie-do\/","title":{"rendered":"Sa, 11. 04., BEIM Volkertmarkt, 15-20 Uhr"},"content":{"rendered":"<p><a href=\"https:\/\/www.swinging-volkert.at\/\" aria-disabled=\"true\"><img loading=\"lazy\" decoding=\"async\" src=\"https:\/\/www.swinging-volkert.at\/home\/wp-content\/uploads\/2024\/08\/Startknopf_sw.png\" alt=\"zur Startseite\" class=\"alignleft\" width=\"100\" height=\"100\" \/><\/a><\/p>\n<h1 align=\"center\"><strong><span style=\"color: #fe9900; font-size: 48pt;\"><span class=\"x193iq5w xeuugli x13faqbe x1vvkbs x1xmvt09 x1lliihq x1s928wv xhkezso x1gmr53x x1cpjm7i x1fgarty x1943h6x xudqn12 x3x7a5m x6prxxf xvq8zen xo1l8bm xzsf02u\" dir=\"auto\">Doobie-doobie-do<\/span><\/span><\/strong><\/h1>\n<p><span class=\"x193iq5w xeuugli x13faqbe x1vvkbs x1xmvt09 x1lliihq x1s928wv xhkezso x1gmr53x x1cpjm7i x1fgarty x1943h6x xudqn12 x3x7a5m x6prxxf xvq8zen xo1l8bm xzsf02u\" dir=\"auto\">Die uns jetzt umzingelnde Volkertplatz-Baustelle h\u00e4lt uns nicht von Konzerten ab: dann eben im Vereins<span style=\"text-decoration: underline;\"><strong>lokal<\/strong><\/span> am <strong><span style=\"text-decoration: underline;\">Volkert<\/span>p<span style=\"text-decoration: underline;\">latz 9<\/span><\/strong>. Am <span style=\"color: #fe9900;\"><strong>Samstag<\/strong>,<\/span> dem <strong><span style=\"color: #fe9900;\">11. April<\/span><\/strong>, mit<\/span><span class=\"x193iq5w xeuugli x13faqbe x1vvkbs x1xmvt09 x1lliihq x1s928wv xhkezso x1gmr53x x1cpjm7i x1fgarty x1943h6x xudqn12 x3x7a5m x6prxxf xvq8zen xo1l8bm xzsf02u\" dir=\"auto\">:<\/span><span class=\"x193iq5w xeuugli x13faqbe x1vvkbs x1xmvt09 x1lliihq x1s928wv xhkezso x1gmr53x x1cpjm7i x1fgarty x1943h6x xudqn12 x3x7a5m x6prxxf xvq8zen xo1l8bm xzsf02u\" dir=\"auto\"><\/span><\/p>\n<p style=\"padding-left: 40px;\">ab <strong><span style=\"color: #ff0000;\"><span>15:00<\/span><\/span><\/strong> Uhr:<strong>\u2003\u2002<span style=\"color: #fe9900;\"><span class=\"x193iq5w xeuugli x13faqbe x1vvkbs x1xmvt09 x1lliihq x1s928wv xhkezso x1gmr53x x1cpjm7i x1fgarty x1943h6x xudqn12 x3x7a5m x6prxxf xvq8zen xo1l8bm xzsf02u\" dir=\"auto\"><span>Green Horse<\/span><\/span><\/span><\/strong><br \/><strong><span>\u2003<\/span><\/strong><strong><span>\u2003<\/span><\/strong><strong><span>\u2003<\/span><\/strong>\u2014\u2002<strong><span>\u2003<\/span><\/strong><span class=\"x193iq5w xeuugli x13faqbe x1vvkbs x1xmvt09 x1lliihq x1s928wv xhkezso x1gmr53x x1cpjm7i x1fgarty x1943h6x xudqn12 x3x7a5m x6prxxf xvq8zen xo1l8bm xzsf02u\" dir=\"auto\">Indie-Nachwuchs aus der Leopoldstadt<\/span><br \/>ab <strong><span style=\"color: #ff0000;\"><span>16:45<\/span><\/span><\/strong> Uhr:<strong>\u2003\u2002<span style=\"color: #fe9900;\"><span class=\"x193iq5w xeuugli x13faqbe x1vvkbs x1xmvt09 x1lliihq x1s928wv xhkezso x1gmr53x x1cpjm7i x1fgarty x1943h6x xudqn12 x3x7a5m x6prxxf xvq8zen xo1l8bm xzsf02u\" dir=\"auto\"><span>Des bin i<\/span><\/span><\/span><\/strong><br \/><strong><span>\u2003<\/span><\/strong><strong><span>\u2003<\/span><\/strong><strong><span>\u2003<\/span><\/strong>\u2014\u2002<strong><span>\u2003<\/span><\/strong><span class=\"x193iq5w xeuugli x13faqbe x1vvkbs x1xmvt09 x1lliihq x1s928wv xhkezso x1gmr53x x1cpjm7i x1fgarty x1943h6x xudqn12 x3x7a5m x6prxxf xvq8zen xo1l8bm xzsf02u\" dir=\"auto\">Mundart mit Herz<\/span><br \/>ab <strong><span style=\"color: #ff0000;\"><span>18:30<\/span><\/span><\/strong> Uhr:<strong>\u2003\u2002<span style=\"color: #fe9900;\"><span class=\"x193iq5w xeuugli x13faqbe x1vvkbs x1xmvt09 x1lliihq x1s928wv xhkezso x1gmr53x x1cpjm7i x1fgarty x1943h6x xudqn12 x3x7a5m x6prxxf xvq8zen xo1l8bm xzsf02u\" dir=\"auto\"><span>DamaWos<\/span><\/span><\/span><\/strong><br \/><strong><span>\u2003<\/span><\/strong><strong><span>\u2003<\/span><\/strong><strong><span>\u2003<\/span><\/strong>\u2014\u2002<strong><span>\u2003<\/span><\/strong><span class=\"x193iq5w xeuugli x13faqbe x1vvkbs x1xmvt09 x1lliihq x1s928wv xhkezso x1gmr53x x1cpjm7i x1fgarty x1943h6x xudqn12 x3x7a5m x6prxxf xvq8zen xo1l8bm xzsf02u\" dir=\"auto\">trad. Tanzmusik aus ganz Europa + Klezmer<\/span><\/p>\n<div class=\"x11i5rnm xat24cr x1mh8g0r x1vvkbs xtlvy1s\"><\/div>\n<p><span style=\"font-size: 18pt;\"><strong><span class=\"x193iq5w xeuugli x13faqbe x1vvkbs x1xmvt09 x1lliihq x1s928wv xhkezso x1gmr53x x1cpjm7i x1fgarty x1943h6x xudqn12 x3x7a5m x6prxxf xvq8zen xo1l8bm xzsf02u\" dir=\"auto\">Zum Motto<\/span><\/strong><\/span><\/p>\n<div class=\"x11i5rnm xat24cr x1mh8g0r x1vvkbs xtlvy1s\"><\/div>\n<p><span class=\"x193iq5w xeuugli x13faqbe x1vvkbs x1xmvt09 x1lliihq x1s928wv xhkezso x1gmr53x x1cpjm7i x1fgarty x1943h6x xudqn12 x3x7a5m x6prxxf xvq8zen xo1l8bm xzsf02u\" dir=\"auto\">Am <strong>11. 4. 1966<\/strong> nimmt <span style=\"color: #fe9900;\"><strong>Frank Sinatra<\/strong><\/span> widerwillig \u201estrangers in the night\u201c auf (er schimpft: \u201eKitsch!\u201c): als Zugest\u00e4ndnis an Erfolgschancen angesichts seiner schon schw\u00e4chelnden Karriere. Der Erfolg: Sinatras gr\u00f6\u00dfter Hit seit 1951, auch weil sein Produzent die Aufnahme per Eilpost an alle Radiostationen schickt \u2013 so kommt sie einen Tag fr\u00fcher an als das Original. Das n\u00e4mlich hat gerade erst Jack Jones eingesungen, Sinatras Version ist das erste Cover. Timing und bekannter Name verdr\u00e4ngen Jones: dessen Aufnahme wird kaum bemerkt und bald vergessen.<\/span><\/p>\n<p><span class=\"x193iq5w xeuugli x13faqbe x1vvkbs x1xmvt09 x1lliihq x1s928wv xhkezso x1gmr53x x1cpjm7i x1fgarty x1943h6x xudqn12 x3x7a5m x6prxxf xvq8zen xo1l8bm xzsf02u\" dir=\"auto\">Das besch\u00e4ftigt Sinatra weniger als die ihm l\u00e4stige Folge, dass sein Publikum das von ihm ungeliebte St\u00fcck in jedem Konzert verlangt. Nach Jahren der Gew\u00f6hnung meint er, wenigstens habe es ihm \u201eetwas Pizza-Geld\u201c eingebracht: eine herablassende Bemerkung des in seiner \u00c4ra mit Riesenabstand reichsten Pop-Weltstars und K\u00fcnstler-Unternehmerpioniers mit eigenem Plattenlabel usw.<\/span><\/p>\n<p><span class=\"x193iq5w xeuugli x13faqbe x1vvkbs x1xmvt09 x1lliihq x1s928wv xhkezso x1gmr53x x1cpjm7i x1fgarty x1943h6x xudqn12 x3x7a5m x6prxxf xvq8zen xo1l8bm xzsf02u\" dir=\"auto\">Exakt <strong>ein halbes Jahrzehnt fr\u00fcher<\/strong> hat ein nicht ganz 20j\u00e4hriger von Folk-Gr\u00f6\u00dfen begeisteter <em>Robert Zimmerman<\/em> sein Debut in New York: es ist <span style=\"color: #fe9900;\"><strong>Bob Dylan<\/strong><\/span>. Karriere macht er bald darauf \u2013 dank Unterst\u00fctzung der gleichaltrigen, damals bereits arrivierten Folk-Gr\u00f6\u00dfe <strong>Joan Baez<\/strong>, Beziehung und Trennung inklusive, gefolgt von lebenslanger Freundschaft bei dauerhafter gegenseitiger k\u00fcnstlerischer Wertsch\u00e4tzung. Das Klischee, er sei nach einiger Zeit unertr\u00e4glich, auch sp\u00e4ter schwierig aber zunehmend einsichtig, und sie oft hilfreich und meist geduldig, d\u00fcrfte zutreffen \u2013 nach ein paar hundert Generationen Rollenbilder-Pr\u00e4gung statistisch erwartbar &#8230;<\/span><\/p>\n<div dir=\"auto\"><\/div>\n<figure class=\"wp-block-image size-large\"><img decoding=\"async\" src=\"https:\/\/www.swinging-volkert.at\/home\/wp-content\/uploads\/2026\/04\/2026-03-14-scaled.jpg\" alt=\"\" \/><\/figure>\n<p style=\"text-align: center;\"><span style=\"color: #00003c;\">.<\/span><\/p>\n<p>Hier geht es zu unserer <a href=\"https:\/\/www.facebook.com\/SwingingVolkert\/\" target=\"_blank\" rel=\"noreferrer noopener\"><strong>facebook-Seite<\/strong><\/a>.<br \/>Dort freuen wir uns immer \u00fcber ein Like oder das Teilen unserer Terminank\u00fcndigung, aber genauso \u00fcber freim\u00fctig ehrliche Kommentare.<br \/><img decoding=\"async\" src=\"https:\/\/www.swinging-volkert.at\/home\/wp-content\/uploads\/2026\/04\/2026-03-14_Programm-scaled.jpg\" style=\"margin-top: 30px; margin-bottom: 0px;\" alt=\"\" class=\"aligncenter\" width=\"350\" height=\"\" \/><br \/><img loading=\"lazy\" decoding=\"async\" src=\"https:\/\/www.swinging-volkert.at\/home\/wp-content\/uploads\/2026\/04\/2026-03-14_Pr.jpg\" style=\"margin-top: 30px; margin-bottom: 30px;\" alt=\"\" class=\"aligncenter\" width=\"350\" height=\"350\" \/><\/p>\n\n\n<p><\/p>\n","protected":false},"excerpt":{"rendered":"<p>Doobie-doobie-do Die uns jetzt umzingelnde Volkertplatz-Baustelle h\u00e4lt uns nicht von Konzerten ab: dann eben im Vereinslokal am Volkertplatz 9. Am Samstag, dem 11. April, mit: ab 15:00 Uhr:\u2003\u2002Green Horse\u2003\u2003\u2003\u2014\u2002\u2003Indie-Nachwuchs aus der Leopoldstadtab 16:45 Uhr:\u2003\u2002Des bin i\u2003\u2003\u2003\u2014\u2002\u2003Mundart mit Herzab 18:30 Uhr:\u2003\u2002DamaWos\u2003\u2003\u2003\u2014\u2002\u2003trad. Tanzmusik aus ganz Europa + Klezmer Zum Motto Am 11. [&hellip;]<\/p>\n","protected":false},"author":6,"featured_media":0,"parent":0,"menu_order":0,"comment_status":"closed","ping_status":"closed","template":"","meta":{"_themeisle_gutenberg_block_has_review":false,"footnotes":""},"class_list":["post-3719","page","type-page","status-publish","hentry"],"_links":{"self":[{"href":"https:\/\/www.swinging-volkert.at\/home\/wp-json\/wp\/v2\/pages\/3719","targetHints":{"allow":["GET"]}}],"collection":[{"href":"https:\/\/www.swinging-volkert.at\/home\/wp-json\/wp\/v2\/pages"}],"about":[{"href":"https:\/\/www.swinging-volkert.at\/home\/wp-json\/wp\/v2\/types\/page"}],"author":[{"embeddable":true,"href":"https:\/\/www.swinging-volkert.at\/home\/wp-json\/wp\/v2\/users\/6"}],"replies":[{"embeddable":true,"href":"https:\/\/www.swinging-volkert.at\/home\/wp-json\/wp\/v2\/comments?post=3719"}],"version-history":[{"count":8,"href":"https:\/\/www.swinging-volkert.at\/home\/wp-json\/wp\/v2\/pages\/3719\/revisions"}],"predecessor-version":[{"id":3735,"href":"https:\/\/www.swinging-volkert.at\/home\/wp-json\/wp\/v2\/pages\/3719\/revisions\/3735"}],"wp:attachment":[{"href":"https:\/\/www.swinging-volkert.at\/home\/wp-json\/wp\/v2\/media?parent=3719"}],"curies":[{"name":"wp","href":"https:\/\/api.w.org\/{rel}","templated":true}]}}