{"id":3743,"date":"2026-05-07T21:14:44","date_gmt":"2026-05-07T19:14:44","guid":{"rendered":"https:\/\/www.swinging-volkert.at\/home\/?page_id=3743"},"modified":"2026-05-07T21:16:41","modified_gmt":"2026-05-07T19:16:41","slug":"26-05-09__glory_hallelujah","status":"publish","type":"page","link":"https:\/\/www.swinging-volkert.at\/home\/26-05-09__glory_hallelujah\/","title":{"rendered":"Sa, 09. 05., BEIM Volkertmarkt, 15-20 Uhr"},"content":{"rendered":"<p><a href=\"https:\/\/www.swinging-volkert.at\/\" aria-disabled=\"true\"><img loading=\"lazy\" decoding=\"async\" src=\"https:\/\/www.swinging-volkert.at\/home\/wp-content\/uploads\/2024\/08\/Startknopf_sw.png\" alt=\"zur Startseite\" class=\"alignleft\" width=\"100\" height=\"100\" \/><\/a><\/p>\n<h1 align=\"center\"><strong><span style=\"color: #66cbff; font-size: 48pt;\"><span class=\"x193iq5w xeuugli x13faqbe x1vvkbs x1xmvt09 x1lliihq x1s928wv xhkezso x1gmr53x x1cpjm7i x1fgarty x1943h6x xudqn12 x3x7a5m x6prxxf xvq8zen xo1l8bm xzsf02u\" dir=\"auto\">glory hallelujah<\/span><\/span><\/strong><\/h1>\n<p><span class=\"x193iq5w xeuugli x13faqbe x1vvkbs x1xmvt09 x1lliihq x1s928wv xhkezso x1gmr53x x1cpjm7i x1fgarty x1943h6x xudqn12 x3x7a5m x6prxxf xvq8zen xo1l8bm xzsf02u\" dir=\"auto\">Dieser <span style=\"color: #66cbff;\"><strong>Samstag<\/strong>,<\/span> der <strong><span style=\"color: #66cbff;\">9. Mai<\/span><\/strong>, steht f\u00fcr musikalische Inspiration und weltpolitische Hoffnung.<br \/><em>(<strong>Achtung! Ort ist<\/strong> \u2013 noch \u2013 unser <strong>Vereinslokal<\/strong> hinter der Baustelle am <strong>Volkert<span style=\"color: #ff0000;\">platz 9<\/span><\/strong>)<\/em><br \/>Unser Programm:<\/span><span class=\"x193iq5w xeuugli x13faqbe x1vvkbs x1xmvt09 x1lliihq x1s928wv xhkezso x1gmr53x x1cpjm7i x1fgarty x1943h6x xudqn12 x3x7a5m x6prxxf xvq8zen xo1l8bm xzsf02u\" dir=\"auto\"><\/span><\/p>\n<p style=\"padding-left: 40px;\">ab <strong><span style=\"color: #ff0000;\"><span>15:00<\/span><\/span><\/strong> Uhr:<strong>\u2003\u2002<span style=\"color: #66cbff;\"><span class=\"x193iq5w xeuugli x13faqbe x1vvkbs x1xmvt09 x1lliihq x1s928wv xhkezso x1gmr53x x1cpjm7i x1fgarty x1943h6x xudqn12 x3x7a5m x6prxxf xvq8zen xo1l8bm xzsf02u\" dir=\"auto\"><span>K&amp;K-Band<\/span><\/span><\/span><\/strong><br \/><strong><span>\u2003<\/span><\/strong><strong><span>\u2003<\/span><\/strong><strong><span>\u2003<\/span><\/strong>\u2014\u2002<strong><span>\u2003<\/span><\/strong><span class=\"x193iq5w xeuugli x13faqbe x1vvkbs x1xmvt09 x1lliihq x1s928wv xhkezso x1gmr53x x1cpjm7i x1fgarty x1943h6x xudqn12 x3x7a5m x6prxxf xvq8zen xo1l8bm xzsf02u\" dir=\"auto\">Schlager &amp; Volkst\u00fcmliches<\/span><br \/>ab <strong><span style=\"color: #ff0000;\"><span>16:45<\/span><\/span><\/strong> Uhr:<strong>\u2003\u2002<span style=\"color: #66cbff;\"><span class=\"x193iq5w xeuugli x13faqbe x1vvkbs x1xmvt09 x1lliihq x1s928wv xhkezso x1gmr53x x1cpjm7i x1fgarty x1943h6x xudqn12 x3x7a5m x6prxxf xvq8zen xo1l8bm xzsf02u\" dir=\"auto\"><span>Jazz Tigers<\/span><\/span><\/span><\/strong><br \/><strong><span>\u2003<\/span><\/strong><strong><span>\u2003<\/span><\/strong><strong><span>\u2003<\/span><\/strong>\u2014\u2002<strong><span>\u2003<\/span><\/strong><span class=\"x193iq5w xeuugli x13faqbe x1vvkbs x1xmvt09 x1lliihq x1s928wv xhkezso x1gmr53x x1cpjm7i x1fgarty x1943h6x xudqn12 x3x7a5m x6prxxf xvq8zen xo1l8bm xzsf02u\" dir=\"auto\">tunes from ol\u2019 New Orleans<\/span><br \/>ab <strong><span style=\"color: #ff0000;\"><span>18:30<\/span><\/span><\/strong> Uhr:<strong>\u2003\u2002<span style=\"color: #66cbff;\"><span class=\"x193iq5w xeuugli x13faqbe x1vvkbs x1xmvt09 x1lliihq x1s928wv xhkezso x1gmr53x x1cpjm7i x1fgarty x1943h6x xudqn12 x3x7a5m x6prxxf xvq8zen xo1l8bm xzsf02u\" dir=\"auto\"><span>Friends &amp; Romans<\/span><\/span><\/span><\/strong><br \/><strong><span>\u2003<\/span><\/strong><strong><span>\u2003<\/span><\/strong><strong><span>\u2003<\/span><\/strong>\u2014\u2002<strong><span>\u2003<\/span><\/strong><span class=\"x193iq5w xeuugli x13faqbe x1vvkbs x1xmvt09 x1lliihq x1s928wv xhkezso x1gmr53x x1cpjm7i x1fgarty x1943h6x xudqn12 x3x7a5m x6prxxf xvq8zen xo1l8bm xzsf02u\" dir=\"auto\">Folk bis Blues: Seltenes &amp; Eigenes<\/span><\/p>\n<div class=\"x11i5rnm xat24cr x1mh8g0r x1vvkbs xtlvy1s\"><\/div>\n<p><span style=\"font-size: 18pt;\"><strong><span class=\"x193iq5w xeuugli x13faqbe x1vvkbs x1xmvt09 x1lliihq x1s928wv xhkezso x1gmr53x x1cpjm7i x1fgarty x1943h6x xudqn12 x3x7a5m x6prxxf xvq8zen xo1l8bm xzsf02u\" dir=\"auto\">Zum Motto<\/span><\/strong><\/span><\/p>\n<div class=\"x11i5rnm xat24cr x1mh8g0r x1vvkbs xtlvy1s\"><\/div>\n<p><span class=\"x193iq5w xeuugli x13faqbe x1vvkbs x1xmvt09 x1lliihq x1s928wv xhkezso x1gmr53x x1cpjm7i x1fgarty x1943h6x xudqn12 x3x7a5m x6prxxf xvq8zen xo1l8bm xzsf02u\" dir=\"auto\">1800 wird an diesem Tag <span style=\"color: #66cbff;\"><strong>John Brown<\/strong><\/span> geboren, ein wei\u00dfer Neu-Engl\u00e4nder in einer autonomen christlichen Gemeinde im Grenzbereich zwischen US-Nord- und -S\u00fcdstaaten. Sklaverei lehnt er als unmenschlich ab, weist auf ihre Verfassungswidrigkeit hin. Doch sie besteht weiter, also bek\u00e4mpft er sie mit Waffengewalt \u2013 allerdings noch gegen eine \u00dcbermacht, strategisch mangelhaft. So endet er 1859 in (West) Virginia am Galgen, auch nachdem <strong>Victor Hugo<\/strong> mit einem offenen Brief \u00fcber Zeitungen in den USA und Gro\u00dfbritannien versucht hat, seine Begnadigung zu erreichen \u2013 und posthum als Symbolfigur in der Quasi-B\u00fcrgerkriegshymne der US-Nordstaaten, dem heute vermutlich bekanntesten Marsch der US-Armee, eben <em>John Brown\u2019s body<\/em>.<\/span><\/p>\n<p><span class=\"x193iq5w xeuugli x13faqbe x1vvkbs x1xmvt09 x1lliihq x1s928wv xhkezso x1gmr53x x1cpjm7i x1fgarty x1943h6x xudqn12 x3x7a5m x6prxxf xvq8zen xo1l8bm xzsf02u\" dir=\"auto\">Auch <span style=\"color: #66cbff;\"><strong>Sophie Scholl<\/strong><\/span>, geboren am 9. 5. 1921, bek\u00e4mpft Unmenschlichkeit: die der Nazis, mit versuchter Aufkl\u00e4rung und Flugbl\u00e4ttern der \u201eWei\u00dfen Rose\u201c, nachdem sie, eine \u00fcberzeugte Christin, anfangs der NS-Propaganda gefolgt war. Nachdem eine Verteilaktion des 6. Flugblatts auffliegt \u2013 nach Postversand des Gro\u00dfteils an ausgesuchte Adressen, wie schon bei den vorigen \u2013 werden schlie\u00dflich sie und ihre Mitstreiter enthauptet.<\/span><\/p>\n<p><span class=\"x193iq5w xeuugli x13faqbe x1vvkbs x1xmvt09 x1lliihq x1s928wv xhkezso x1gmr53x x1cpjm7i x1fgarty x1943h6x xudqn12 x3x7a5m x6prxxf xvq8zen xo1l8bm xzsf02u\" dir=\"auto\">9. 5. 1945: die Wehrmachtf\u00fchrung best\u00e4tigt die <strong>Kapitulation<\/strong> des Nazi-Regimes.<\/span><\/p>\n<p><span class=\"x193iq5w xeuugli x13faqbe x1vvkbs x1xmvt09 x1lliihq x1s928wv xhkezso x1gmr53x x1cpjm7i x1fgarty x1943h6x xudqn12 x3x7a5m x6prxxf xvq8zen xo1l8bm xzsf02u\" dir=\"auto\">9. 5. 1994: S\u00fcdafrikas Parlament w\u00e4hlt <span style=\"color: #66cbff;\"><strong>Nelson Mandela<\/strong><\/span> zum 1. schwarzen Staatspr\u00e4sidenten. Mandela, Rechtsanwalt und friedlicher Freiheitsk\u00e4mpfer, jahrzehntelang vom rassistischen wei\u00dfen Apartheid-Regime gefangen gehalten, war Spitzenkandidat des African National Congress (1912 gegr\u00fcndet, 1960-1990 verboten), der nun die ersten allgemeinen freien Wahlen des Landes \u00fcberragend gewonnen hatte.<\/span><\/p>\n<div class=\"x11i5rnm xat24cr x1mh8g0r x1vvkbs xtlvy1s\"><\/div>\n<p><span style=\"font-size: 16pt;\"><strong><span class=\"x193iq5w xeuugli x13faqbe x1vvkbs x1xmvt09 x1lliihq x1s928wv xhkezso x1gmr53x x1cpjm7i x1fgarty x1943h6x xudqn12 x3x7a5m x6prxxf xvq8zen xo1l8bm xzsf02u\" dir=\"auto\">Musik und 9. Mai<\/span><\/strong><\/span><\/p>\n<div class=\"x11i5rnm xat24cr x1mh8g0r x1vvkbs xtlvy1s\"><\/div>\n<p><span class=\"x193iq5w xeuugli x13faqbe x1vvkbs x1xmvt09 x1lliihq x1s928wv xhkezso x1gmr53x x1cpjm7i x1fgarty x1943h6x xudqn12 x3x7a5m x6prxxf xvq8zen xo1l8bm xzsf02u\" dir=\"auto\">1980 gewinnen an diesem Tag die <em>Boomtown Rats<\/em> (von Charity-Weltlegende <strong>Bob Geldof<\/strong>) auch wegen herausragendem Text den Bewerb um bestes Pop-Lied in GB mit <span style=\"color: #66cbff;\"><em><strong>I don&#8217;t like Mondays<\/strong><\/em><\/span> \u2013 das allerdings oft als Kritik an Leistungsdruck und Zw\u00e4ngen der Arbeitswelt fehlgedeutet wird: tats\u00e4chlich basiert es auf der Antwort einer 16j\u00e4hrigen Amok-Sch\u00fctzin (2 Tote, 9 Verletzte) an einen Journalisten, als der sie direkt nach ihren Sch\u00fcssen am Tatort anruft &#8230; diese Inspiration sollte der menschenrechtlich umtriebige Bob Geldof vielleicht noch n\u00e4her erl\u00e4utern.<\/span><\/p>\n<p><span class=\"x193iq5w xeuugli x13faqbe x1vvkbs x1xmvt09 x1lliihq x1s928wv xhkezso x1gmr53x x1cpjm7i x1fgarty x1943h6x xudqn12 x3x7a5m x6prxxf xvq8zen xo1l8bm xzsf02u\" dir=\"auto\">Klarer sind zwei andere 9.-Mai-Bereicherungen f\u00fcr die Musikwelt: zwei Geburtstage<br \/>\u2013 der von <span style=\"color: #66cbff;\"><strong>Billy Joel<\/strong><\/span> (1949), einem der globalen Wien-Besinger (\u201eVienna waits for you\u201c), dessen Vater \u00fcber\u00a0<\/span><span class=\"x193iq5w xeuugli x13faqbe x1vvkbs x1xmvt09 x1lliihq x1s928wv xhkezso x1gmr53x x1cpjm7i x1fgarty x1943h6x xudqn12 x3x7a5m x6prxxf xvq8zen xo1l8bm xzsf02u\" dir=\"auto\">\u2013 der von <span style=\"color: #66cbff;\"><strong>Dave Gahan<\/strong><\/span> (1962), der Stimme von <strong>Depeche Mode<\/strong>.<\/span><\/p>\n<p><span class=\"x193iq5w xeuugli x13faqbe x1vvkbs x1xmvt09 x1lliihq x1s928wv xhkezso x1gmr53x x1cpjm7i x1fgarty x1943h6x xudqn12 x3x7a5m x6prxxf xvq8zen xo1l8bm xzsf02u\" dir=\"auto\">Hoffnung hegen \u00fcbrigens auch wir bei Swinging Volkert: dass die Baustelle, die uns aktuell am Transport von B\u00fchne usw. auf den Marktplatz hindert, plangem\u00e4\u00df im Juni beendet ist, und unsere Konzerte endlich wieder im Freien stattfinden k\u00f6nnen.<\/span><\/p>\n<p><span class=\"x193iq5w xeuugli x13faqbe x1vvkbs x1xmvt09 x1lliihq x1s928wv xhkezso x1gmr53x x1cpjm7i x1fgarty x1943h6x xudqn12 x3x7a5m x6prxxf xvq8zen xo1l8bm xzsf02u\" dir=\"auto\">Und nat\u00fcrlich, dass wir dich wieder sehen.<\/span><\/p>\n<div dir=\"auto\"><\/div>\n<figure class=\"wp-block-image size-large\"><img decoding=\"async\" src=\"https:\/\/www.swinging-volkert.at\/home\/wp-content\/uploads\/2026\/05\/2026-05-09-scaled.jpg\" alt=\"\" \/><\/figure>\n<p style=\"text-align: center;\"><span style=\"color: #00003c;\">.<\/span><\/p>\n<p>Hier geht es zu unserer <a href=\"https:\/\/www.facebook.com\/SwingingVolkert\/\" target=\"_blank\" rel=\"noreferrer noopener\"><strong>facebook-Seite<\/strong><\/a>.<br \/>Dort freuen wir uns immer \u00fcber ein Like oder das Teilen unserer Terminank\u00fcndigung, aber genauso \u00fcber freim\u00fctig ehrliche Kommentare.<br \/><img loading=\"lazy\" decoding=\"async\" src=\"https:\/\/www.swinging-volkert.at\/home\/wp-content\/uploads\/2026\/05\/2026-05-09_Pr.jpg\" style=\"margin-top: 30px; margin-bottom: 30px;\" alt=\"\" class=\"aligncenter\" width=\"350\" height=\"350\" \/><\/p>\n\n\n<p><\/p>\n","protected":false},"excerpt":{"rendered":"<p>glory hallelujah Dieser Samstag, der 9. Mai, steht f\u00fcr musikalische Inspiration und weltpolitische Hoffnung.(Achtung! Ort ist \u2013 noch \u2013 unser Vereinslokal hinter der Baustelle am Volkertplatz 9)Unser Programm: ab 15:00 Uhr:\u2003\u2002K&amp;K-Band\u2003\u2003\u2003\u2014\u2002\u2003Schlager &amp; Volkst\u00fcmlichesab 16:45 Uhr:\u2003\u2002Jazz Tigers\u2003\u2003\u2003\u2014\u2002\u2003tunes from ol\u2019 New Orleansab 18:30 Uhr:\u2003\u2002Friends &amp; Romans\u2003\u2003\u2003\u2014\u2002\u2003Folk bis Blues: Seltenes &amp; Eigenes Zum [&hellip;]<\/p>\n","protected":false},"author":6,"featured_media":0,"parent":0,"menu_order":0,"comment_status":"closed","ping_status":"closed","template":"","meta":{"_themeisle_gutenberg_block_has_review":false,"footnotes":""},"class_list":["post-3743","page","type-page","status-publish","hentry"],"_links":{"self":[{"href":"https:\/\/www.swinging-volkert.at\/home\/wp-json\/wp\/v2\/pages\/3743","targetHints":{"allow":["GET"]}}],"collection":[{"href":"https:\/\/www.swinging-volkert.at\/home\/wp-json\/wp\/v2\/pages"}],"about":[{"href":"https:\/\/www.swinging-volkert.at\/home\/wp-json\/wp\/v2\/types\/page"}],"author":[{"embeddable":true,"href":"https:\/\/www.swinging-volkert.at\/home\/wp-json\/wp\/v2\/users\/6"}],"replies":[{"embeddable":true,"href":"https:\/\/www.swinging-volkert.at\/home\/wp-json\/wp\/v2\/comments?post=3743"}],"version-history":[{"count":2,"href":"https:\/\/www.swinging-volkert.at\/home\/wp-json\/wp\/v2\/pages\/3743\/revisions"}],"predecessor-version":[{"id":3754,"href":"https:\/\/www.swinging-volkert.at\/home\/wp-json\/wp\/v2\/pages\/3743\/revisions\/3754"}],"wp:attachment":[{"href":"https:\/\/www.swinging-volkert.at\/home\/wp-json\/wp\/v2\/media?parent=3743"}],"curies":[{"name":"wp","href":"https:\/\/api.w.org\/{rel}","templated":true}]}}